{"id":10,"date":"2017-12-11T16:10:47","date_gmt":"2017-12-11T16:10:47","guid":{"rendered":"http:\/\/www.albalak.cz\/?page_id=10"},"modified":"2024-07-15T10:42:44","modified_gmt":"2024-07-15T10:42:44","slug":"kontakt","status":"publish","type":"page","link":"https:\/\/www.albalak.cz\/?page_id=10","title":{"rendered":"Kontakty"},"content":{"rendered":"\n<div class=\"wp-block-columns are-vertically-aligned-top has-black-color has-text-color\">\n<div class=\"wp-block-column is-vertically-aligned-top\">\n<h5 style=\"text-align: center;\"><strong data-rich-text-format-boundary=\"true\">Bohuslav Bierski<\/strong><\/h5>\n<p style=\"text-align: center;\"><span style=\"color: #000000;\">Tel: <em><strong>+420 736 750 581<\/strong><\/em><\/span><\/p>\n<p style=\"text-align: center;\"><span style=\"color: #000000;\">E-mail: <em><strong>albalak@albalak.cz<\/strong><\/em><\/span><\/p>\n<\/div>\n\n\n\n<div class=\"wp-block-column is-vertically-aligned-top\">\n<h5 style=\"text-align: center;\"><strong data-rich-text-format-boundary=\"true\">Petr <\/strong><strong data-rich-text-format-boundary=\"true\">Bierski<\/strong><\/h5>\n<p style=\"text-align: center;\"><span style=\"color: #000000;\">Tel:<em><strong> +420 736 750 582<\/strong><\/em><\/span><\/p>\n<p style=\"text-align: center;\"><span style=\"color: #000000;\">E-mail: <em><strong>servis@albalak.cz<\/strong><\/em><\/span><\/p>\n<\/div>\n\n\n\n<div class=\"wp-block-column is-vertically-aligned-top\">\n<h5 style=\"text-align: center;\"><strong data-rich-text-format-boundary=\"true\">Michaela Lisztwanov\u00e1<\/strong><\/h5>\n<p style=\"text-align: center;\"><span style=\"color: #000000;\">Tel: <em><strong>+420 736 750 583<\/strong><\/em><\/span><\/p>\n<p style=\"text-align: center;\"><span style=\"color: #000000;\">E-mail: <em><strong>albalak@albalak.cz<\/strong><\/em><\/span><\/p>\n<\/div>\n<\/div>\n\n\n\n<hr class=\"wp-block-separator\"\/>\n\n\n\n<div class=\"wp-block-group\"><div class=\"wp-block-group__inner-container\">\n<div class=\"wp-block-group\"><div class=\"wp-block-group__inner-container\">\n<div class=\"wp-block-group\"><div class=\"wp-block-group__inner-container\">\n<p><\/p>\n<\/div><\/div>\n\n\n\n<div class=\"wp-block-group\"><div class=\"wp-block-group__inner-container\">\n<div class=\"wp-block-columns\">\n<div class=\"wp-block-column is-vertically-aligned-center\" style=\"flex-basis:33.33%\">\n<p><\/p>\n\n\n\n<h4 class=\"has-text-align-center\">Faktura\u010dn\u00ed \u00fadaje<\/h4>\n\n\n\n<p class=\"has-text-align-center\"><span style=\"color: #000000;\"><strong>ALBA-LAK<\/strong> <strong>spol. s&nbsp;r. o<\/strong>.<\/span><\/p>\n\n\n\n<p class=\"has-text-align-center\"><strong><span style=\"color: #000000;\">N\u00e1vs\u00ed 641<\/span>, <span class=\"has-inline-color has-black-color\">739 92 N\u00e1vs\u00ed<\/span><\/strong><\/p>\n\n\n\n<p class=\"has-text-align-center\"><span class=\"has-inline-color has-black-color\"><strong><span style=\"color: #000000;\">I\u010cO: 62303511<\/span>, DI\u010c: CZ62303511<\/strong><\/span><\/p>\n\n\n\n<p class=\"has-text-align-center\"><span style=\"color: #000000;\">Firma je zaspan\u00e1 v&nbsp;obchodn\u00edm rejst\u0159\u00edku veden\u00e9m Krajsk\u00fdm obchodn\u00edm soudem v&nbsp;Ostrav\u011b Odd\u00edl C, vlo\u017eka 7726<\/span><\/p>\n\n\n\n<h4>\u00a0<\/h4>\n<p>\u00a0<\/p>\n<h4 style=\"text-align: center;\">Provozovna<\/h4>\n<h6 style=\"text-align: center;\"><span style=\"color: #000000;\"><strong>P\u0159\u00edjem zak\u00e1zek:\u00a0 <\/strong><\/span><\/h6>\n<h6 style=\"text-align: center;\"><span style=\"color: #000000;\"><strong>Po &#8211; \u010ct: 8:00 &#8211; 15:00<\/strong><\/span><\/h6>\n<h6 style=\"text-align: center;\"><span style=\"color: #000000;\"><strong>P\u00e1: 8:00 &#8211; 14:00\u00a0<\/strong><\/span><\/h6>\n<p>\u00a0<\/p>\n<p style=\"text-align: center;\"><strong><span style=\"color: #000000;\"><u>doru\u010dovac\u00ed adresa<\/u><u>:<\/u><\/span><\/strong><\/p>\n<p style=\"text-align: center;\"><strong><span style=\"color: #000000;\" data-rich-text-format-boundary=\"true\">ALBA-LAK<\/span><\/strong><\/p>\n<p style=\"text-align: center;\"><strong><span style=\"color: #000000;\" data-rich-text-format-boundary=\"true\">Old\u0159ichovice 738<\/span><\/strong><\/p>\n<p style=\"text-align: center;\"><strong><span style=\"color: #000000;\" data-rich-text-format-boundary=\"true\">739 61 T\u0159inec \u2013 Old\u0159ichovice<\/span><\/strong><\/p>\n\n\n\n<div class=\"wp-block-group\"><div class=\"wp-block-group__inner-container\"><\/div><\/div>\n<\/div>\n\n\n\n<div class=\"wp-block-column is-vertically-aligned-top\" style=\"flex-basis:66.66%\">\n<div class=\"wp-block-group\"><div class=\"wp-block-group__inner-container\">\n<h6 class=\"has-text-align-center\">ARE\u00c1L B\u00ddVAL\u00c9 TESLY &#8211; Old\u0159ichovice<\/h6>\n<\/div><\/div>\n\n\n\n<div class=\"wp-block-image\"><figure class=\"aligncenter size-large is-resized\"><a href=\"https:\/\/mapy.cz\/zakladni?vlastni-body&amp;x=18.6482660&amp;y=49.6621481&amp;z=18&amp;base=ophoto&amp;ut=ALBA-LAK&amp;uc=9rB7ixVaXm&amp;ud=49%C2%B039%2743.859%22N%2C%2018%C2%B038%2753.022%22E\" target=\"_blank\" rel=\"noopener noreferrer\"><img loading=\"lazy\" src=\"http:\/\/www.albalak.cz\/wp-content\/uploads\/2020\/11\/mapka2-1024x592.jpg\" alt=\"\" class=\"wp-image-1542\" width=\"538\" height=\"311\"\/><\/a><\/figure><\/div>\n\n\n\n<div class=\"wp-block-image\"><figure class=\"aligncenter size-large is-resized\"><a href=\"http:\/\/www.albalak.cz\/wp-content\/uploads\/2020\/11\/mapka22-scaled.jpg\" target=\"_blank\" rel=\"noopener noreferrer\"><img loading=\"lazy\" src=\"http:\/\/www.albalak.cz\/wp-content\/uploads\/2020\/11\/mapka22-1024x543.jpg\" alt=\"\" class=\"wp-image-1543\" width=\"538\" height=\"285\" srcset=\"https:\/\/www.albalak.cz\/wp-content\/uploads\/2020\/11\/mapka22-1024x543.jpg 1024w, https:\/\/www.albalak.cz\/wp-content\/uploads\/2020\/11\/mapka22-300x159.jpg 300w, https:\/\/www.albalak.cz\/wp-content\/uploads\/2020\/11\/mapka22-768x407.jpg 768w, https:\/\/www.albalak.cz\/wp-content\/uploads\/2020\/11\/mapka22-1536x815.jpg 1536w, https:\/\/www.albalak.cz\/wp-content\/uploads\/2020\/11\/mapka22-2048x1086.jpg 2048w\" sizes=\"(max-width: 538px) 100vw, 538px\" \/><\/a><\/figure><\/div>\n<\/div>\n<\/div>\n<\/div><\/div>\n<\/div><\/div>\n<\/div><\/div>\n\n\n\n<h6 class=\"has-text-align-center\"><a href=\"http:\/\/www.albalak.cz\/wp-content\/uploads\/2024\/03\/Informace-o-ochrane-osobnich-udaju.pdf\" target=\"_blank\" rel=\"noreferrer noopener\" title=\"http:\/\/www.albalak.cz\/wp-content\/uploads\/2024\/03\/Informace-o-ochrane-osobnich-udaju.pdf\">Ochrana osobn\u00edch \u00fadaj\u016f.<\/a><\/h6>\n\n\n\n<div class=\"wp-block-image\"><figure class=\"aligncenter size-large is-resized\"><a href=\"http:\/\/www.albalak.cz\/wp-content\/uploads\/2024\/03\/Informace-o-ochrane-osobnich-udaju.pdf\" target=\"_blank\" rel=\"noopener noreferrer\"><img loading=\"lazy\" src=\"http:\/\/www.albalak.cz\/wp-content\/uploads\/2020\/07\/PDF.jpg\" alt=\"\" class=\"wp-image-898\" width=\"43\" height=\"53\" srcset=\"https:\/\/www.albalak.cz\/wp-content\/uploads\/2020\/07\/PDF.jpg 290w, https:\/\/www.albalak.cz\/wp-content\/uploads\/2020\/07\/PDF-245x300.jpg 245w\" sizes=\"(max-width: 43px) 100vw, 43px\" \/><\/a><\/figure><\/div>\n\n\n\n<div class=\"wp-block-media-text alignwide is-stacked-on-mobile\"><figure class=\"wp-block-media-text__media\"><\/figure><div class=\"wp-block-media-text__content\">\n<p class=\"has-large-font-size\"><\/p>\n<\/div><\/div>\n\n\n\n<p><\/p>\n","protected":false},"excerpt":{"rendered":"<p>Bohuslav Bierski Tel: +420 736 750 581 E-mail: albalak@albalak.cz Petr Bierski Tel: +420 736 750 582 E-mail: servis@albalak.cz Michaela Lisztwanov\u00e1 Tel: +420 736 750 583 E-mail: albalak@albalak.cz Ochrana osobn\u00edch \u00fadaj\u016f.<\/p>\n","protected":false},"author":1,"featured_media":0,"parent":0,"menu_order":4,"comment_status":"closed","ping_status":"closed","template":"","meta":[],"_links":{"self":[{"href":"https:\/\/www.albalak.cz\/index.php?rest_route=\/wp\/v2\/pages\/10"}],"collection":[{"href":"https:\/\/www.albalak.cz\/index.php?rest_route=\/wp\/v2\/pages"}],"about":[{"href":"https:\/\/www.albalak.cz\/index.php?rest_route=\/wp\/v2\/types\/page"}],"author":[{"embeddable":true,"href":"https:\/\/www.albalak.cz\/index.php?rest_route=\/wp\/v2\/users\/1"}],"replies":[{"embeddable":true,"href":"https:\/\/www.albalak.cz\/index.php?rest_route=%2Fwp%2Fv2%2Fcomments&post=10"}],"version-history":[{"count":257,"href":"https:\/\/www.albalak.cz\/index.php?rest_route=\/wp\/v2\/pages\/10\/revisions"}],"predecessor-version":[{"id":2701,"href":"https:\/\/www.albalak.cz\/index.php?rest_route=\/wp\/v2\/pages\/10\/revisions\/2701"}],"wp:attachment":[{"href":"https:\/\/www.albalak.cz\/index.php?rest_route=%2Fwp%2Fv2%2Fmedia&parent=10"}],"curies":[{"name":"wp","href":"https:\/\/api.w.org\/{rel}","templated":true}]}}