{"id":2436,"date":"2024-01-30T15:11:55","date_gmt":"2024-01-30T15:11:55","guid":{"rendered":"http:\/\/www.albalak.cz\/?page_id=2436"},"modified":"2024-04-07T09:07:16","modified_gmt":"2024-04-07T09:07:16","slug":"pogumovani","status":"publish","type":"page","link":"https:\/\/www.albalak.cz\/?page_id=2436","title":{"rendered":"Pogumov\u00e1n\u00ed"},"content":{"rendered":"\n<h2 class=\"has-text-align-center\" id=\"block-795a6db8-3368-4d33-a909-bdf610fe5257\">POGUMOV\u00c1N\u00cd<\/h2>\n\n\n\n<div class=\"wp-block-media-text alignwide is-stacked-on-mobile is-vertically-aligned-center\" style=\"grid-template-columns:21% auto\"><figure class=\"wp-block-media-text__media\"><img loading=\"lazy\" width=\"1024\" height=\"977\" src=\"https:\/\/www.albalak.cz\/wp-content\/uploads\/2024\/01\/zidle-1024x977.jpg\" alt=\"\" class=\"wp-image-2466\" srcset=\"https:\/\/www.albalak.cz\/wp-content\/uploads\/2024\/01\/zidle-1024x977.jpg 1024w, https:\/\/www.albalak.cz\/wp-content\/uploads\/2024\/01\/zidle-300x286.jpg 300w, https:\/\/www.albalak.cz\/wp-content\/uploads\/2024\/01\/zidle-768x732.jpg 768w, https:\/\/www.albalak.cz\/wp-content\/uploads\/2024\/01\/zidle-1536x1465.jpg 1536w, https:\/\/www.albalak.cz\/wp-content\/uploads\/2024\/01\/zidle-2048x1953.jpg 2048w\" sizes=\"(max-width: 1024px) 100vw, 1024px\" \/><\/figure><div class=\"wp-block-media-text__content\">\n<h3 class=\"has-text-align-left\"><strong> Technologie povrchov\u00e9 \u00fapravy kov\u016f pomoc\u00ed termoplastu<\/strong><\/h3>\n\n\n\n<h6 class=\"has-text-align-left\">Nan\u00e1\u0161en\u00ed je mo\u017en\u00e9 i na m\u011bkkou ocel, hlin\u00edk i galvanickou ocel  <\/h6>\n<\/div><\/div>\n\n\n\n<p><\/p>\n\n\n\n<p><\/p>\n\n\n\n<h2><\/h2>\n\n\n\n<p><\/p>\n\n\n\n<p><\/p>\n\n\n\n<h5 class=\"has-text-align-center\">Tato povrchov\u00e1 \u00faprava s \u0161irok\u00fdm vyu\u017eit\u00edm jak v exteri\u00e9ru tak i v interi\u00e9ru a to u\u017e od &#8211; 70 do + 70 \u00b0C je ide\u00e1ln\u00ed volbou pro:<\/h5>\n\n\n\n<div class=\"wp-block-media-text alignwide has-media-on-the-right is-stacked-on-mobile is-vertically-aligned-center\" style=\"grid-template-columns:auto 17%\"><figure class=\"wp-block-media-text__media\"><img loading=\"lazy\" width=\"744\" height=\"1024\" src=\"https:\/\/www.albalak.cz\/wp-content\/uploads\/2024\/01\/drat-2-1-744x1024.jpg\" alt=\"\" class=\"wp-image-2460\" srcset=\"https:\/\/www.albalak.cz\/wp-content\/uploads\/2024\/01\/drat-2-1-744x1024.jpg 744w, https:\/\/www.albalak.cz\/wp-content\/uploads\/2024\/01\/drat-2-1-218x300.jpg 218w, https:\/\/www.albalak.cz\/wp-content\/uploads\/2024\/01\/drat-2-1-768x1057.jpg 768w, https:\/\/www.albalak.cz\/wp-content\/uploads\/2024\/01\/drat-2-1-1116x1536.jpg 1116w, https:\/\/www.albalak.cz\/wp-content\/uploads\/2024\/01\/drat-2-1-1488x2048.jpg 1488w, https:\/\/www.albalak.cz\/wp-content\/uploads\/2024\/01\/drat-2-1.jpg 1561w\" sizes=\"(max-width: 744px) 100vw, 744px\" \/><\/figure><div class=\"wp-block-media-text__content\">\n<ul id=\"block-6c6efa73-8ee5-4019-ab49-790449561812\"><li><span class=\"has-inline-color has-black-color\">Stavitelstv\u00ed<\/span><\/li><li><span class=\"has-inline-color has-black-color\">Plotov\u00e9 syst\u00e9my<\/span><\/li><li><span class=\"has-inline-color has-black-color\">Outdoorov\u00fd n\u00e1bytek a d\u011btsk\u00e9 h\u0159i\u0161t\u011b<\/span><\/li><li><span class=\"has-inline-color has-black-color\">Potravin\u00e1\u0159stv\u00ed<\/span><\/li><li><span class=\"has-inline-color has-black-color\">Dr\u00e1t\u011bn\u00fd program<\/span><\/li><li><span class=\"has-inline-color has-black-color\">Zdravotnictv\u00ed<\/span><\/li><li><span class=\"has-inline-color has-black-color\">Automobilov\u00fd a elektro pr\u016fmysl<\/span><\/li><li><span class=\"has-inline-color has-black-color\">Funk\u010dn\u00ed povrchy<\/span><\/li><\/ul>\n<\/div><\/div>\n\n\n\n<p><\/p>\n\n\n\n<p><\/p>\n\n\n\n<p><\/p>\n\n\n\n<p><\/p>\n\n\n\n<p><\/p>\n\n\n\n<h5 class=\"has-text-align-center\">Mezi jedine\u010dn\u00e9 vlastnosti pat\u0159\u00ed:<\/h5>\n\n\n\n<div class=\"wp-block-media-text alignwide has-media-on-the-right is-stacked-on-mobile is-vertically-aligned-center\" style=\"grid-template-columns:auto 23%\"><figure class=\"wp-block-media-text__media\"><img loading=\"lazy\" width=\"1024\" height=\"993\" src=\"https:\/\/www.albalak.cz\/wp-content\/uploads\/2024\/04\/20240404_150142bile-pozadi-1-1024x993.jpg\" alt=\"\" class=\"wp-image-2628\" srcset=\"https:\/\/www.albalak.cz\/wp-content\/uploads\/2024\/04\/20240404_150142bile-pozadi-1-1024x993.jpg 1024w, https:\/\/www.albalak.cz\/wp-content\/uploads\/2024\/04\/20240404_150142bile-pozadi-1-300x291.jpg 300w, https:\/\/www.albalak.cz\/wp-content\/uploads\/2024\/04\/20240404_150142bile-pozadi-1-768x745.jpg 768w, https:\/\/www.albalak.cz\/wp-content\/uploads\/2024\/04\/20240404_150142bile-pozadi-1.jpg 1506w\" sizes=\"(max-width: 1024px) 100vw, 1024px\" \/><\/figure><div class=\"wp-block-media-text__content\">\n<ul id=\"block-82729cea-29a7-4b1d-a2e5-fd1e1d425d52\"><li><span class=\"has-inline-color has-black-color\">Odolnost UV z\u00e1\u0159en\u00ed bez ztr\u00e1ty barvy a lesku<\/span><\/li><li><span class=\"has-inline-color has-black-color\">Antikorozn\u00ed ochrana<\/span><\/li><li><span class=\"has-inline-color has-black-color\">Ide\u00e1ln\u00ed pro pou\u017eit\u00ed prost\u0159ed\u00ed s vysok\u00fdm v\u00fdskytem soli a slan\u00e9 vod<\/span>y<\/li><li><span class=\"has-inline-color has-black-color\">Hygienicky nez\u00e1vadn\u00fd &#8211; vhodn\u00fd pro styk s potravinami a pitn<\/span>ou vodou<\/li><li><span class=\"has-inline-color has-black-color\">Antimikrobi\u00e1ln\u00ed vlastnosti zabra\u0148uj\u00ed r\u016fstu pl\u00edsn\u00ed a hub<\/span><\/li><li><span class=\"has-inline-color has-black-color\">Neprask\u00e1, neodlupuje se, odol\u00e1v\u00e1 n\u00e1raz\u016fm<\/span><\/li><li><span class=\"has-inline-color has-black-color\">Velmi dobr\u00fd elektrick\u00fd izolant<\/span><\/li><li><span class=\"has-inline-color has-black-color\">Odol\u00e1v\u00e1 \u010dist\u00edc\u00edm prost\u0159edk\u016fm a mechanick\u00e9mu po\u0161kozen\u00ed<\/span><\/li><li><span class=\"has-inline-color has-black-color\">Opraviteln\u00fd<\/span><\/li><\/ul>\n<\/div><\/div>\n\n\n\n<h5 class=\"has-text-align-center\">Pogumov\u00e1n\u00ed prov\u00e1d\u00edme v t\u011bchto barevn\u00fdch odst\u00ednech.<\/h5>\n\n\n\n<div class=\"wp-block-group\"><div class=\"wp-block-group__inner-container\"><\/div><\/div>\n\n\n\n<figure class=\"wp-block-gallery columns-4 is-cropped\"><ul class=\"blocks-gallery-grid\"><li class=\"blocks-gallery-item\"><figure><img loading=\"lazy\" width=\"478\" height=\"478\" src=\"https:\/\/www.albalak.cz\/wp-content\/uploads\/2024\/02\/zluta-2.jpg\" alt=\"\" data-id=\"2566\" data-full-url=\"https:\/\/www.albalak.cz\/wp-content\/uploads\/2024\/02\/zluta-2.jpg\" data-link=\"https:\/\/www.albalak.cz\/?attachment_id=2566\" class=\"wp-image-2566\" srcset=\"https:\/\/www.albalak.cz\/wp-content\/uploads\/2024\/02\/zluta-2.jpg 478w, https:\/\/www.albalak.cz\/wp-content\/uploads\/2024\/02\/zluta-2-300x300.jpg 300w, https:\/\/www.albalak.cz\/wp-content\/uploads\/2024\/02\/zluta-2-150x150.jpg 150w\" sizes=\"(max-width: 478px) 100vw, 478px\" \/><\/figure><\/li><li class=\"blocks-gallery-item\"><figure><img loading=\"lazy\" width=\"478\" height=\"478\" src=\"https:\/\/www.albalak.cz\/wp-content\/uploads\/2024\/02\/cewrvena-2.jpg\" alt=\"\" data-id=\"2559\" data-full-url=\"https:\/\/www.albalak.cz\/wp-content\/uploads\/2024\/02\/cewrvena-2.jpg\" data-link=\"https:\/\/www.albalak.cz\/?attachment_id=2559\" class=\"wp-image-2559\" srcset=\"https:\/\/www.albalak.cz\/wp-content\/uploads\/2024\/02\/cewrvena-2.jpg 478w, https:\/\/www.albalak.cz\/wp-content\/uploads\/2024\/02\/cewrvena-2-300x300.jpg 300w, https:\/\/www.albalak.cz\/wp-content\/uploads\/2024\/02\/cewrvena-2-150x150.jpg 150w\" sizes=\"(max-width: 478px) 100vw, 478px\" \/><\/figure><\/li><li class=\"blocks-gallery-item\"><figure><img loading=\"lazy\" width=\"478\" height=\"478\" src=\"https:\/\/www.albalak.cz\/wp-content\/uploads\/2024\/02\/modra-2.jpg\" alt=\"\" data-id=\"2561\" data-full-url=\"https:\/\/www.albalak.cz\/wp-content\/uploads\/2024\/02\/modra-2.jpg\" data-link=\"https:\/\/www.albalak.cz\/?attachment_id=2561\" class=\"wp-image-2561\" srcset=\"https:\/\/www.albalak.cz\/wp-content\/uploads\/2024\/02\/modra-2.jpg 478w, https:\/\/www.albalak.cz\/wp-content\/uploads\/2024\/02\/modra-2-300x300.jpg 300w, https:\/\/www.albalak.cz\/wp-content\/uploads\/2024\/02\/modra-2-150x150.jpg 150w\" sizes=\"(max-width: 478px) 100vw, 478px\" \/><\/figure><\/li><li class=\"blocks-gallery-item\"><figure><img loading=\"lazy\" width=\"478\" height=\"478\" src=\"https:\/\/www.albalak.cz\/wp-content\/uploads\/2024\/02\/sv.zelena-4.jpg\" alt=\"\" data-id=\"2571\" data-full-url=\"https:\/\/www.albalak.cz\/wp-content\/uploads\/2024\/02\/sv.zelena-4.jpg\" data-link=\"https:\/\/www.albalak.cz\/?attachment_id=2571\" class=\"wp-image-2571\" srcset=\"https:\/\/www.albalak.cz\/wp-content\/uploads\/2024\/02\/sv.zelena-4.jpg 478w, https:\/\/www.albalak.cz\/wp-content\/uploads\/2024\/02\/sv.zelena-4-300x300.jpg 300w, https:\/\/www.albalak.cz\/wp-content\/uploads\/2024\/02\/sv.zelena-4-150x150.jpg 150w\" sizes=\"(max-width: 478px) 100vw, 478px\" \/><\/figure><\/li><li class=\"blocks-gallery-item\"><figure><img loading=\"lazy\" width=\"478\" height=\"477\" src=\"https:\/\/www.albalak.cz\/wp-content\/uploads\/2024\/02\/tm.zelena-2.jpg\" alt=\"\" data-id=\"2565\" data-full-url=\"https:\/\/www.albalak.cz\/wp-content\/uploads\/2024\/02\/tm.zelena-2.jpg\" data-link=\"https:\/\/www.albalak.cz\/?attachment_id=2565\" class=\"wp-image-2565\" srcset=\"https:\/\/www.albalak.cz\/wp-content\/uploads\/2024\/02\/tm.zelena-2.jpg 478w, https:\/\/www.albalak.cz\/wp-content\/uploads\/2024\/02\/tm.zelena-2-300x300.jpg 300w, https:\/\/www.albalak.cz\/wp-content\/uploads\/2024\/02\/tm.zelena-2-150x150.jpg 150w\" sizes=\"(max-width: 478px) 100vw, 478px\" \/><\/figure><\/li><li class=\"blocks-gallery-item\"><figure><img loading=\"lazy\" width=\"478\" height=\"478\" src=\"https:\/\/www.albalak.cz\/wp-content\/uploads\/2024\/02\/barvy.jpg\" alt=\"\" data-id=\"2556\" data-full-url=\"https:\/\/www.albalak.cz\/wp-content\/uploads\/2024\/02\/barvy.jpg\" data-link=\"https:\/\/www.albalak.cz\/?attachment_id=2556\" class=\"wp-image-2556\" srcset=\"https:\/\/www.albalak.cz\/wp-content\/uploads\/2024\/02\/barvy.jpg 478w, https:\/\/www.albalak.cz\/wp-content\/uploads\/2024\/02\/barvy-300x300.jpg 300w, https:\/\/www.albalak.cz\/wp-content\/uploads\/2024\/02\/barvy-150x150.jpg 150w\" sizes=\"(max-width: 478px) 100vw, 478px\" \/><\/figure><\/li><li class=\"blocks-gallery-item\"><figure><img loading=\"lazy\" width=\"478\" height=\"478\" src=\"https:\/\/www.albalak.cz\/wp-content\/uploads\/2024\/02\/antracit-2.jpg\" alt=\"\" data-id=\"2555\" data-full-url=\"https:\/\/www.albalak.cz\/wp-content\/uploads\/2024\/02\/antracit-2.jpg\" data-link=\"https:\/\/www.albalak.cz\/?attachment_id=2555\" class=\"wp-image-2555\" srcset=\"https:\/\/www.albalak.cz\/wp-content\/uploads\/2024\/02\/antracit-2.jpg 478w, https:\/\/www.albalak.cz\/wp-content\/uploads\/2024\/02\/antracit-2-300x300.jpg 300w, https:\/\/www.albalak.cz\/wp-content\/uploads\/2024\/02\/antracit-2-150x150.jpg 150w\" sizes=\"(max-width: 478px) 100vw, 478px\" \/><\/figure><\/li><li class=\"blocks-gallery-item\"><figure><img loading=\"lazy\" width=\"478\" height=\"478\" src=\"https:\/\/www.albalak.cz\/wp-content\/uploads\/2024\/02\/hneda-2.jpg\" alt=\"\" data-id=\"2560\" data-full-url=\"https:\/\/www.albalak.cz\/wp-content\/uploads\/2024\/02\/hneda-2.jpg\" data-link=\"https:\/\/www.albalak.cz\/?attachment_id=2560\" class=\"wp-image-2560\" srcset=\"https:\/\/www.albalak.cz\/wp-content\/uploads\/2024\/02\/hneda-2.jpg 478w, https:\/\/www.albalak.cz\/wp-content\/uploads\/2024\/02\/hneda-2-300x300.jpg 300w, https:\/\/www.albalak.cz\/wp-content\/uploads\/2024\/02\/hneda-2-150x150.jpg 150w\" sizes=\"(max-width: 478px) 100vw, 478px\" \/><\/figure><\/li><li class=\"blocks-gallery-item\"><figure><img loading=\"lazy\" width=\"478\" height=\"478\" src=\"https:\/\/www.albalak.cz\/wp-content\/uploads\/2024\/02\/cerna-2.jpg\" alt=\"\" data-id=\"2558\" data-full-url=\"https:\/\/www.albalak.cz\/wp-content\/uploads\/2024\/02\/cerna-2.jpg\" data-link=\"https:\/\/www.albalak.cz\/?attachment_id=2558\" class=\"wp-image-2558\" srcset=\"https:\/\/www.albalak.cz\/wp-content\/uploads\/2024\/02\/cerna-2.jpg 478w, https:\/\/www.albalak.cz\/wp-content\/uploads\/2024\/02\/cerna-2-300x300.jpg 300w, https:\/\/www.albalak.cz\/wp-content\/uploads\/2024\/02\/cerna-2-150x150.jpg 150w\" sizes=\"(max-width: 478px) 100vw, 478px\" \/><\/figure><\/li><li class=\"blocks-gallery-item\"><figure><img loading=\"lazy\" width=\"479\" height=\"479\" src=\"https:\/\/www.albalak.cz\/wp-content\/uploads\/2024\/02\/bila-2.jpg\" alt=\"\" data-id=\"2557\" data-full-url=\"https:\/\/www.albalak.cz\/wp-content\/uploads\/2024\/02\/bila-2.jpg\" data-link=\"https:\/\/www.albalak.cz\/?attachment_id=2557\" class=\"wp-image-2557\" srcset=\"https:\/\/www.albalak.cz\/wp-content\/uploads\/2024\/02\/bila-2.jpg 479w, https:\/\/www.albalak.cz\/wp-content\/uploads\/2024\/02\/bila-2-300x300.jpg 300w, https:\/\/www.albalak.cz\/wp-content\/uploads\/2024\/02\/bila-2-150x150.jpg 150w\" sizes=\"(max-width: 479px) 100vw, 479px\" \/><\/figure><\/li><li class=\"blocks-gallery-item\"><figure><img loading=\"lazy\" width=\"478\" height=\"478\" src=\"https:\/\/www.albalak.cz\/wp-content\/uploads\/2024\/02\/stribrna-4.jpg\" alt=\"\" data-id=\"2562\" data-full-url=\"https:\/\/www.albalak.cz\/wp-content\/uploads\/2024\/02\/stribrna-4.jpg\" data-link=\"https:\/\/www.albalak.cz\/?attachment_id=2562\" class=\"wp-image-2562\" srcset=\"https:\/\/www.albalak.cz\/wp-content\/uploads\/2024\/02\/stribrna-4.jpg 478w, https:\/\/www.albalak.cz\/wp-content\/uploads\/2024\/02\/stribrna-4-300x300.jpg 300w, https:\/\/www.albalak.cz\/wp-content\/uploads\/2024\/02\/stribrna-4-150x150.jpg 150w\" sizes=\"(max-width: 478px) 100vw, 478px\" \/><\/figure><\/li><\/ul><\/figure>\n\n\n\n<p><\/p>\n","protected":false},"excerpt":{"rendered":"<p>POGUMOV\u00c1N\u00cd Technologie povrchov\u00e9 \u00fapravy kov\u016f pomoc\u00ed termoplastu Nan\u00e1\u0161en\u00ed je mo\u017en\u00e9 i na m\u011bkkou ocel, hlin\u00edk i galvanickou ocel Tato povrchov\u00e1 \u00faprava s \u0161irok\u00fdm vyu\u017eit\u00edm jak v exteri\u00e9ru tak i v interi\u00e9ru a to u\u017e od &#8211; 70 do + 70 \u00b0C je ide\u00e1ln\u00ed volbou pro: Stavitelstv\u00ed Plotov\u00e9 syst\u00e9my Outdoorov\u00fd n\u00e1bytek a d\u011btsk\u00e9 h\u0159i\u0161t\u011b Potravin\u00e1\u0159stv\u00ed Dr\u00e1t\u011bn\u00fd [&hellip;]<\/p>\n","protected":false},"author":1,"featured_media":0,"parent":0,"menu_order":2,"comment_status":"closed","ping_status":"closed","template":"","meta":[],"_links":{"self":[{"href":"https:\/\/www.albalak.cz\/index.php?rest_route=\/wp\/v2\/pages\/2436"}],"collection":[{"href":"https:\/\/www.albalak.cz\/index.php?rest_route=\/wp\/v2\/pages"}],"about":[{"href":"https:\/\/www.albalak.cz\/index.php?rest_route=\/wp\/v2\/types\/page"}],"author":[{"embeddable":true,"href":"https:\/\/www.albalak.cz\/index.php?rest_route=\/wp\/v2\/users\/1"}],"replies":[{"embeddable":true,"href":"https:\/\/www.albalak.cz\/index.php?rest_route=%2Fwp%2Fv2%2Fcomments&post=2436"}],"version-history":[{"count":43,"href":"https:\/\/www.albalak.cz\/index.php?rest_route=\/wp\/v2\/pages\/2436\/revisions"}],"predecessor-version":[{"id":2629,"href":"https:\/\/www.albalak.cz\/index.php?rest_route=\/wp\/v2\/pages\/2436\/revisions\/2629"}],"wp:attachment":[{"href":"https:\/\/www.albalak.cz\/index.php?rest_route=%2Fwp%2Fv2%2Fmedia&parent=2436"}],"curies":[{"name":"wp","href":"https:\/\/api.w.org\/{rel}","templated":true}]}}