{"id":9,"date":"2017-12-11T16:10:47","date_gmt":"2017-12-11T16:10:47","guid":{"rendered":"http:\/\/www.albalak.cz\/?page_id=9"},"modified":"2026-02-24T21:25:35","modified_gmt":"2026-02-24T21:25:35","slug":"servis-stroju","status":"publish","type":"page","link":"https:\/\/www.albalak.cz\/?page_id=9","title":{"rendered":"Repase a Servis"},"content":{"rendered":"\n<h3 class=\"has-text-align-center\">PROFESION\u00c1LN\u00cd REPASE NAN\u00c1\u0160EC\u00cdCH VANI\u010cEK &#8211; SERVIS STROJ\u016e<\/h3>\n\n\n\n<div class=\"wp-block-media-text alignwide is-stacked-on-mobile is-vertically-aligned-center\" style=\"grid-template-columns:32% auto\"><figure class=\"wp-block-media-text__media\"><img loading=\"lazy\" width=\"1024\" height=\"683\" src=\"https:\/\/www.albalak.cz\/wp-content\/uploads\/2026\/02\/file_000000002090722f9057f9984bb9685d-1024x683.png\" alt=\"\" class=\"wp-image-2713\" srcset=\"https:\/\/www.albalak.cz\/wp-content\/uploads\/2026\/02\/file_000000002090722f9057f9984bb9685d-1024x683.png 1024w, https:\/\/www.albalak.cz\/wp-content\/uploads\/2026\/02\/file_000000002090722f9057f9984bb9685d-300x200.png 300w, https:\/\/www.albalak.cz\/wp-content\/uploads\/2026\/02\/file_000000002090722f9057f9984bb9685d-768x512.png 768w, https:\/\/www.albalak.cz\/wp-content\/uploads\/2026\/02\/file_000000002090722f9057f9984bb9685d.png 1536w\" sizes=\"(max-width: 1024px) 100vw, 1024px\" \/><\/figure><div class=\"wp-block-media-text__content\">\n<h3>Vra\u0165te sv\u00e9 technologii p\u016fvodn\u00ed v\u00fdkon a p\u0159esnost. Nab\u00edz\u00edme komplexn\u00ed p\u00e9\u010di od hloubkov\u00e9ho \u010di\u0161t\u011bn\u00ed a\u017e po aplikaci \u0161pi\u010dkov\u00fdch teflonov\u00fdch vrstev. <\/h3>\n\n\n\n<p><\/p>\n<\/div><\/div>\n\n\n\n<h3 class=\"has-text-align-center\">Pro\u010d zvolit pr\u00e1v\u011b n\u00e1s?<\/h3>\n\n\n\n<div class=\"wp-block-group\"><div class=\"wp-block-group__inner-container\">\n<ul><li><span class=\"has-inline-color has-black-color\"><strong>Dlouhodob\u00e9 zku\u0161enosti:<\/strong> Rozum\u00edme detail\u016fm, kter\u00e9 rozhoduj\u00ed o kvalit\u011b lepen\u00ed.<\/span><\/li><li><span class=\"has-inline-color has-black-color\"><strong>\u0160pi\u010dkov\u00e1 kvalita:<\/strong> Pou\u017e\u00edv\u00e1me modern\u00ed technologie a kvalitn\u00ed materi\u00e1ly.<\/span><\/li><li><span class=\"has-inline-color has-black-color\"><strong>Individu\u00e1ln\u00ed p\u0159\u00edstup:<\/strong> Navrhneme \u0159e\u0161en\u00ed na m\u00edru va\u0161im pot\u0159eb\u00e1m i rozpo\u010dtu.<\/span><\/li><li><span class=\"has-inline-color has-black-color\"><strong>Rychlost a spolehlivost:<\/strong> Minimalizujeme va\u0161e odst\u00e1vky ve v\u00fdrob\u011b.<\/span><\/li><\/ul>\n\n\n\n<div style=\"height:30px\" aria-hidden=\"true\" class=\"wp-block-spacer\"><\/div>\n\n\n\n<p><\/p>\n<\/div><\/div>\n\n\n\n<h3 class=\"has-text-align-center\">Komplexn\u00ed repase zahrnuje<\/h3>\n\n\n\n<div class=\"wp-block-group alignwide\"><div class=\"wp-block-group__inner-container\">\n<div class=\"wp-block-group\"><div class=\"wp-block-group__inner-container\">\n<div class=\"wp-block-group\"><div class=\"wp-block-group__inner-container\">\n<ul><li><span class=\"has-inline-color has-black-color\"><strong>Diagnostika:<\/strong> Odborn\u00e9 rozebr\u00e1n\u00ed, kontrola topn\u00fdch t\u011bles, kabel\u00e1\u017ee a mechaniky.<\/span><\/li><li><span class=\"has-inline-color has-black-color\"><strong>Profi \u010di\u0161t\u011bn\u00ed:<\/strong> Odstran\u011bn\u00ed zbytk\u016f lepidla a p\u016fvodn\u00ed teflonov\u00e9 vrstvy.<\/span><\/li><li><span class=\"has-inline-color has-black-color\"><strong>Teflonov\u00e1n\u00ed:<\/strong> Aplikace nov\u00e9, vysoce odoln\u00e9 vrstvy vlastn\u00ed technologi\u00ed.<\/span><\/li><li><span class=\"has-inline-color has-black-color\"><strong>V\u00fdm\u011bna d\u00edl\u016f:<\/strong> Instalace nov\u00fdch lo\u017eisek, t\u011bsn\u011bn\u00ed, v\u00e1lc\u016f a topn\u00fdch t\u011bles (po konzultaci).<\/span><\/li><li><span class=\"has-inline-color has-black-color\"><strong>Z\u00e1v\u011bre\u010dn\u00fd test:<\/strong> Odborn\u00e9 sestaven\u00ed a odzkou\u0161en\u00ed funk\u010dnosti.<\/span><\/li><li><span class=\"has-inline-color has-black-color\"><strong>Dokumentace:<\/strong> P\u0159ed\u00e1n\u00ed servisn\u00edho protokolu o proveden\u00e9 oprav\u011b.<\/span><\/li><\/ul>\n\n\n\n<div style=\"height:30px\" aria-hidden=\"true\" class=\"wp-block-spacer\"><\/div>\n\n\n\n<p><\/p>\n\n\n\n<h2 class=\"has-text-align-center\">Flexibiln\u00ed slu\u017eby<\/h2>\n<\/div><\/div>\n\n\n\n<h4>Na z\u00e1klad\u011b dohody prov\u00e1d\u00edme i d\u00edl\u010d\u00ed \u00fakony &#8211; nap\u0159\u00edklad pouze teflonov\u00e1n\u00ed nebo v\u00fdm\u011bnu konkr\u00e9tn\u00edch po\u0161kozen\u00fdch d\u00edl\u016f.<\/h4>\n<\/div><\/div>\n\n\n\n<div style=\"height:45px\" aria-hidden=\"true\" class=\"wp-block-spacer\"><\/div>\n\n\n\n<p><\/p>\n<\/div><\/div>\n\n\n\n<p><\/p>\n\n\n\n<h5 class=\"has-text-align-center\">Pro uk\u00e1zku na\u0161\u00ed pr\u00e1ce klikn\u011bte na fotky n\u00ed\u017ee.<\/h5>\n\n\n\n<figure class=\"wp-block-table is-style-regular\"><table class=\"has-fixed-layout\"><tbody><tr><td class=\"has-text-align-center\" data-align=\"center\"><a href=\"http:\/\/www.albalak.cz\/?page_id=2801\" target=\"_blank\" rel=\"noreferrer noopener\" title=\"https:\/\/www.albalak.cz\/wp-admin\/post.php?post=2801&amp;action=edit\"><img loading=\"lazy\" width=\"600\" height=\"900\" class=\"wp-image-2739\" style=\"width: 300px;\" src=\"http:\/\/www.albalak.cz\/wp-content\/uploads\/2026\/02\/file_00000000102c722fa66304f573f7798a-e1771368485821.png\" alt=\"\"><\/a><\/td><td class=\"has-text-align-center\" data-align=\"center\"><a href=\"http:\/\/www.albalak.cz\/?page_id=2820(otev\u0159e se na nov\u00e9 z\u00e1lo\u017ece)\" target=\"_blank\" rel=\"noreferrer noopener\"><img loading=\"lazy\" width=\"900\" height=\"675\" class=\"wp-image-2749\" style=\"width: 300px;\" src=\"http:\/\/www.albalak.cz\/wp-content\/uploads\/2026\/02\/bg-remover-20251107_135153-bila-e1771368390363.png\" alt=\"\"><\/a><\/td><td class=\"has-text-align-center\" data-align=\"center\"><a href=\"http:\/\/www.albalak.cz\/?page_id=2860\" target=\"_blank\" rel=\"noreferrer noopener\" title=\"http:\/\/www.albalak.cz\/?page_id=2860\"><img loading=\"lazy\" width=\"1536\" height=\"1024\" class=\"wp-image-2713\" style=\"width: 300px;\" src=\"http:\/\/www.albalak.cz\/wp-content\/uploads\/2026\/02\/file_000000002090722f9057f9984bb9685d.png\" alt=\"\" srcset=\"https:\/\/www.albalak.cz\/wp-content\/uploads\/2026\/02\/file_000000002090722f9057f9984bb9685d.png 1536w, https:\/\/www.albalak.cz\/wp-content\/uploads\/2026\/02\/file_000000002090722f9057f9984bb9685d-300x200.png 300w, https:\/\/www.albalak.cz\/wp-content\/uploads\/2026\/02\/file_000000002090722f9057f9984bb9685d-1024x683.png 1024w, https:\/\/www.albalak.cz\/wp-content\/uploads\/2026\/02\/file_000000002090722f9057f9984bb9685d-768x512.png 768w\" sizes=\"(max-width: 1536px) 100vw, 1536px\" \/><\/a><\/td><td class=\"has-text-align-center\" data-align=\"center\"><a href=\"http:\/\/www.albalak.cz\/?page_id=2872(otev\u0159e se na nov\u00e9 z\u00e1lo\u017ece)\" target=\"_blank\" rel=\"noreferrer noopener\" title=\"http:\/\/www.albalak.cz\/?page_id=2872(otev\u0159e se na nov\u00e9 z\u00e1lo\u017ece)\"><img loading=\"lazy\" width=\"1440\" height=\"2560\" class=\"wp-image-2744\" style=\"width: 300px;\" src=\"http:\/\/www.albalak.cz\/wp-content\/uploads\/2026\/02\/20240719_125641h-scaled.jpg\" alt=\"\" srcset=\"https:\/\/www.albalak.cz\/wp-content\/uploads\/2026\/02\/20240719_125641h-scaled.jpg 1440w, https:\/\/www.albalak.cz\/wp-content\/uploads\/2026\/02\/20240719_125641h-169x300.jpg 169w, https:\/\/www.albalak.cz\/wp-content\/uploads\/2026\/02\/20240719_125641h-576x1024.jpg 576w, https:\/\/www.albalak.cz\/wp-content\/uploads\/2026\/02\/20240719_125641h-768x1365.jpg 768w, https:\/\/www.albalak.cz\/wp-content\/uploads\/2026\/02\/20240719_125641h-864x1536.jpg 864w, https:\/\/www.albalak.cz\/wp-content\/uploads\/2026\/02\/20240719_125641h-1152x2048.jpg 1152w\" sizes=\"(max-width: 1440px) 100vw, 1440px\" \/><\/a><\/td><\/tr><tr><td class=\"has-text-align-center\" data-align=\"center\"><span class=\"has-inline-color has-black-color\"><a href=\"https:\/\/www.albalak.cz\/?page_id=2031\" target=\"_blank\" rel=\"noreferrer noopener\" title=\"https:\/\/www.albalak.cz\/?page_id=2031\"><img loading=\"lazy\" width=\"900\" height=\"900\" class=\"wp-image-1997\" style=\"width: 300px;\" src=\"http:\/\/www.albalak.cz\/wp-content\/uploads\/2021\/06\/1_1.jpg\" alt=\"\" srcset=\"https:\/\/www.albalak.cz\/wp-content\/uploads\/2021\/06\/1_1.jpg 900w, https:\/\/www.albalak.cz\/wp-content\/uploads\/2021\/06\/1_1-300x300.jpg 300w, https:\/\/www.albalak.cz\/wp-content\/uploads\/2021\/06\/1_1-150x150.jpg 150w, https:\/\/www.albalak.cz\/wp-content\/uploads\/2021\/06\/1_1-768x768.jpg 768w\" sizes=\"(max-width: 900px) 100vw, 900px\" \/><\/a><\/span><\/td><td class=\"has-text-align-center\" data-align=\"center\"><a href=\"https:\/\/www.albalak.cz\/?page_id=2116\" target=\"_blank\" rel=\"noreferrer noopener\" title=\"https:\/\/www.albalak.cz\/?page_id=2116\"><img loading=\"lazy\" width=\"900\" height=\"900\" class=\"wp-image-1999\" style=\"width: 300px;\" src=\"http:\/\/www.albalak.cz\/wp-content\/uploads\/2021\/06\/3_1.jpg\" alt=\"\" srcset=\"https:\/\/www.albalak.cz\/wp-content\/uploads\/2021\/06\/3_1.jpg 900w, https:\/\/www.albalak.cz\/wp-content\/uploads\/2021\/06\/3_1-300x300.jpg 300w, https:\/\/www.albalak.cz\/wp-content\/uploads\/2021\/06\/3_1-150x150.jpg 150w, https:\/\/www.albalak.cz\/wp-content\/uploads\/2021\/06\/3_1-768x768.jpg 768w\" sizes=\"(max-width: 900px) 100vw, 900px\" \/><\/a><\/td><td class=\"has-text-align-center\" data-align=\"center\"><a href=\"https:\/\/www.albalak.cz\/?page_id=2127\" target=\"_blank\" rel=\"noreferrer noopener\"><span class=\"has-inline-color has-pale-cyan-blue-color\"><img loading=\"lazy\" width=\"900\" height=\"900\" class=\"wp-image-1998\" style=\"width: 300px;\" src=\"http:\/\/www.albalak.cz\/wp-content\/uploads\/2021\/06\/2_1.jpg\" alt=\"\" srcset=\"https:\/\/www.albalak.cz\/wp-content\/uploads\/2021\/06\/2_1.jpg 900w, https:\/\/www.albalak.cz\/wp-content\/uploads\/2021\/06\/2_1-300x300.jpg 300w, https:\/\/www.albalak.cz\/wp-content\/uploads\/2021\/06\/2_1-150x150.jpg 150w, https:\/\/www.albalak.cz\/wp-content\/uploads\/2021\/06\/2_1-768x768.jpg 768w\" sizes=\"(max-width: 900px) 100vw, 900px\" \/><\/span><\/a><\/td><td class=\"has-text-align-center\" data-align=\"center\"><a href=\"https:\/\/www.albalak.cz\/?page_id=2134\" target=\"_blank\" rel=\"noreferrer noopener\"><img loading=\"lazy\" width=\"900\" height=\"900\" class=\"wp-image-2000\" style=\"width: 300px;\" src=\"http:\/\/www.albalak.cz\/wp-content\/uploads\/2021\/06\/4_1.jpg\" alt=\"\" srcset=\"https:\/\/www.albalak.cz\/wp-content\/uploads\/2021\/06\/4_1.jpg 900w, https:\/\/www.albalak.cz\/wp-content\/uploads\/2021\/06\/4_1-300x300.jpg 300w, https:\/\/www.albalak.cz\/wp-content\/uploads\/2021\/06\/4_1-150x150.jpg 150w, https:\/\/www.albalak.cz\/wp-content\/uploads\/2021\/06\/4_1-768x768.jpg 768w\" sizes=\"(max-width: 900px) 100vw, 900px\" \/><\/a><\/td><\/tr><\/tbody><\/table><\/figure>\n\n\n\n<div style=\"height:45px\" aria-hidden=\"true\" class=\"wp-block-spacer\"><\/div>\n\n\n\n<h2 class=\"has-text-align-center\">Servis stroj\u016f<\/h2>\n\n\n<p style=\"text-align: center;\"><span style=\"color: #000000; font-size: inherit;\">Prov\u00e1d\u00edme p\u0159edev\u0161\u00edm opravy a se\u0159\u00edzen\u00ed olepovac\u00edch stroj\u016f a vracec\u00edch za\u0159\u00edzen\u00ed<\/span><\/p>\n<p style=\"text-align: center;\"><span style=\"color: #000000;\">Preventivn\u00ed prohl\u00eddky pro p\u0159edch\u00e1zen\u00ed probl\u00e9m\u016f a sn\u00ed\u017een\u00ed n\u00e1klad\u016f na jejich \u0159e\u0161en\u00ed<\/span><\/p>\n<p style=\"text-align: center;\"><span style=\"color: #000000;\">St\u011bhov\u00e1n\u00ed stroj\u016f &#8211; zajist\u00edme demont\u00e1\u017e, p\u0159epravu a n\u00e1slednou mont\u00e1\u017e se se\u0159\u00edzen\u00edm va\u0161eho stroje<\/span><\/p>\n<p style=\"text-align: center;\"><span style=\"color: #000000;\">N\u00e1hradn\u00ed d\u00edly &#8211; zajist\u00edme dod\u00e1n\u00ed n\u00e1hradn\u00edch d\u00edl\u016f \u010di opravu sou\u010d\u00e1st\u00ed stroj\u016f nutn\u00fdch pro znovu zprovozn\u011bn\u00ed, d\u00e1le tak\u00e9 v\u00fdm\u011bnu a osazen\u00ed stroje p\u0159\u00edslu\u0161n\u00fdmi n\u00e1stroji<\/span><\/p>\n<p style=\"text-align: center;\"><span style=\"color: #000000;\"><strong>Repase<\/strong> &#8211; provedeme demont\u00e1\u017e porouchan\u00e9ho d\u00edlu Va\u0161eho stroje, n\u00e1sledn\u00e9 vyhodnocen\u00ed po\u0161kozen\u00ed a po proveden\u00ed repasu znovu uveden\u00ed do provozu<\/span><\/p>\n<p style=\"text-align: center;\"><span style=\"color: #000000;\">Vzduchotechnika &#8211; mont\u00e1\u017e a servis rozvod\u016f ods\u00e1v\u00e1n\u00ed dle pot\u0159eb Va\u0161\u00ed firmy<\/span><\/p>\n\n\n<div style=\"height:30px\" aria-hidden=\"true\" class=\"wp-block-spacer\"><\/div>\n\n\n\n<h5 class=\"has-text-align-center\">Uveden\u00e9 slu\u017eby prov\u00e1d\u00edme u stroj\u016f r\u016fzn\u00fdch zna\u010dek, dom\u00e9nou je v\u0161ak zna\u010dka Brandt.<\/h5>\n\n\n\n<figure class=\"wp-block-gallery aligncenter columns-6\"><ul class=\"blocks-gallery-grid\"><li class=\"blocks-gallery-item\"><figure><img loading=\"lazy\" width=\"580\" height=\"373\" src=\"http:\/\/www.albalak.cz\/wp-content\/uploads\/2021\/09\/KDN-210.jpg\" alt=\"\" data-id=\"2257\" data-full-url=\"http:\/\/www.albalak.cz\/wp-content\/uploads\/2021\/09\/KDN-210.jpg\" data-link=\"http:\/\/www.albalak.cz\/?attachment_id=2257\" class=\"wp-image-2257\" srcset=\"https:\/\/www.albalak.cz\/wp-content\/uploads\/2021\/09\/KDN-210.jpg 580w, https:\/\/www.albalak.cz\/wp-content\/uploads\/2021\/09\/KDN-210-300x193.jpg 300w\" sizes=\"(max-width: 580px) 100vw, 580px\" \/><\/figure><\/li><li class=\"blocks-gallery-item\"><figure><img loading=\"lazy\" width=\"1024\" height=\"650\" src=\"http:\/\/www.albalak.cz\/wp-content\/uploads\/2021\/09\/bra_ktd720_2010-1024x650.jpg\" alt=\"\" data-id=\"2240\" data-full-url=\"http:\/\/www.albalak.cz\/wp-content\/uploads\/2021\/09\/bra_ktd720_2010-e1631258795364.jpg\" data-link=\"http:\/\/www.albalak.cz\/?attachment_id=2240\" class=\"wp-image-2240\"\/><\/figure><\/li><li class=\"blocks-gallery-item\"><figure><img loading=\"lazy\" width=\"512\" height=\"384\" src=\"http:\/\/www.albalak.cz\/wp-content\/uploads\/2020\/04\/unnamed-2.jpg\" alt=\"\" data-id=\"320\" data-full-url=\"http:\/\/www.albalak.cz\/wp-content\/uploads\/2020\/04\/unnamed-2.jpg\" data-link=\"http:\/\/www.albalak.cz\/?attachment_id=320\" class=\"wp-image-320\" srcset=\"https:\/\/www.albalak.cz\/wp-content\/uploads\/2020\/04\/unnamed-2.jpg 512w, https:\/\/www.albalak.cz\/wp-content\/uploads\/2020\/04\/unnamed-2-300x225.jpg 300w\" sizes=\"(max-width: 512px) 100vw, 512px\" \/><\/figure><\/li><li class=\"blocks-gallery-item\"><figure><img loading=\"lazy\" width=\"562\" height=\"326\" src=\"http:\/\/www.albalak.cz\/wp-content\/uploads\/2021\/09\/KDN-330-1.jpg\" alt=\"\" data-id=\"2271\" data-full-url=\"http:\/\/www.albalak.cz\/wp-content\/uploads\/2021\/09\/KDN-330-1.jpg\" data-link=\"http:\/\/www.albalak.cz\/?attachment_id=2271\" class=\"wp-image-2271\" srcset=\"https:\/\/www.albalak.cz\/wp-content\/uploads\/2021\/09\/KDN-330-1.jpg 562w, https:\/\/www.albalak.cz\/wp-content\/uploads\/2021\/09\/KDN-330-1-300x174.jpg 300w\" sizes=\"(max-width: 562px) 100vw, 562px\" \/><\/figure><\/li><li class=\"blocks-gallery-item\"><figure><img loading=\"lazy\" width=\"580\" height=\"272\" src=\"http:\/\/www.albalak.cz\/wp-content\/uploads\/2017\/12\/photo_id_1190_full-e1631258706660.jpg\" alt=\"\" data-id=\"59\" data-full-url=\"http:\/\/www.albalak.cz\/wp-content\/uploads\/2017\/12\/photo_id_1190_full-e1631258706660.jpg\" data-link=\"http:\/\/www.albalak.cz\/?attachment_id=59\" class=\"wp-image-59\"\/><\/figure><\/li><li class=\"blocks-gallery-item\"><figure><img loading=\"lazy\" width=\"1024\" height=\"417\" src=\"http:\/\/www.albalak.cz\/wp-content\/uploads\/2017\/12\/AMBITION-1650-FC-1024x417.jpg\" alt=\"\" data-id=\"54\" data-full-url=\"http:\/\/www.albalak.cz\/wp-content\/uploads\/2017\/12\/AMBITION-1650-FC.jpg\" data-link=\"http:\/\/www.albalak.cz\/?attachment_id=54\" class=\"wp-image-54\" srcset=\"https:\/\/www.albalak.cz\/wp-content\/uploads\/2017\/12\/AMBITION-1650-FC.jpg 1024w, https:\/\/www.albalak.cz\/wp-content\/uploads\/2017\/12\/AMBITION-1650-FC-300x122.jpg 300w, https:\/\/www.albalak.cz\/wp-content\/uploads\/2017\/12\/AMBITION-1650-FC-768x313.jpg 768w, https:\/\/www.albalak.cz\/wp-content\/uploads\/2017\/12\/AMBITION-1650-FC-400x163.jpg 400w\" sizes=\"(max-width: 1024px) 100vw, 1024px\" \/><\/figure><\/li><\/ul><\/figure>\n\n\n\n<p><\/p>\n","protected":false},"excerpt":{"rendered":"<p>PROFESION\u00c1LN\u00cd REPASE NAN\u00c1\u0160EC\u00cdCH VANI\u010cEK &#8211; SERVIS STROJ\u016e Vra\u0165te sv\u00e9 technologii p\u016fvodn\u00ed v\u00fdkon a p\u0159esnost. Nab\u00edz\u00edme komplexn\u00ed p\u00e9\u010di od hloubkov\u00e9ho \u010di\u0161t\u011bn\u00ed a\u017e po aplikaci \u0161pi\u010dkov\u00fdch teflonov\u00fdch vrstev. Pro\u010d zvolit pr\u00e1v\u011b n\u00e1s? Komplexn\u00ed repase zahrnuje Pro uk\u00e1zku na\u0161\u00ed pr\u00e1ce klikn\u011bte na fotky n\u00ed\u017ee. Servis stroj\u016f Prov\u00e1d\u00edme p\u0159edev\u0161\u00edm opravy a se\u0159\u00edzen\u00ed olepovac\u00edch stroj\u016f a vracec\u00edch za\u0159\u00edzen\u00ed Preventivn\u00ed prohl\u00eddky [&hellip;]<\/p>\n","protected":false},"author":1,"featured_media":0,"parent":0,"menu_order":3,"comment_status":"closed","ping_status":"closed","template":"","meta":[],"_links":{"self":[{"href":"https:\/\/www.albalak.cz\/index.php?rest_route=\/wp\/v2\/pages\/9"}],"collection":[{"href":"https:\/\/www.albalak.cz\/index.php?rest_route=\/wp\/v2\/pages"}],"about":[{"href":"https:\/\/www.albalak.cz\/index.php?rest_route=\/wp\/v2\/types\/page"}],"author":[{"embeddable":true,"href":"https:\/\/www.albalak.cz\/index.php?rest_route=\/wp\/v2\/users\/1"}],"replies":[{"embeddable":true,"href":"https:\/\/www.albalak.cz\/index.php?rest_route=%2Fwp%2Fv2%2Fcomments&post=9"}],"version-history":[{"count":332,"href":"https:\/\/www.albalak.cz\/index.php?rest_route=\/wp\/v2\/pages\/9\/revisions"}],"predecessor-version":[{"id":2895,"href":"https:\/\/www.albalak.cz\/index.php?rest_route=\/wp\/v2\/pages\/9\/revisions\/2895"}],"wp:attachment":[{"href":"https:\/\/www.albalak.cz\/index.php?rest_route=%2Fwp%2Fv2%2Fmedia&parent=9"}],"curies":[{"name":"wp","href":"https:\/\/api.w.org\/{rel}","templated":true}]}}